{"id":5675,"date":"2025-10-07T01:59:04","date_gmt":"2025-10-06T23:59:04","guid":{"rendered":"https:\/\/dev.apartamentselsllacs.com\/ofertas\/"},"modified":"2026-01-20T22:48:57","modified_gmt":"2026-01-20T21:48:57","slug":"offres","status":"publish","type":"page","link":"https:\/\/dev.apartamentselsllacs.com\/fr\/offres\/","title":{"rendered":"Offres"},"content":{"rendered":"\t\t<div data-elementor-type=\"wp-page\" data-elementor-id=\"5675\" class=\"elementor elementor-5675 elementor-2272\" data-elementor-post-type=\"page\">\n\t\t\t\t\t\t<section class=\"elementor-section elementor-top-section elementor-element elementor-element-6e1c050c elementor-section-height-min-height cs-section-content-fullwidth cs-parallax-on-scroll cs_scroll_y_80 elementor-section-boxed elementor-section-height-default elementor-section-items-middle\" data-id=\"6e1c050c\" data-element_type=\"section\" data-settings=\"{&quot;background_background&quot;:&quot;classic&quot;}\" data-cs-parallax-y=\"80\" style=\"background-image: none;\" data-cs-background-image=\"https:\/\/dev.apartamentselsllacs.com\/wp-content\/uploads\/2025\/12\/Esqui-en-Grandvalira.jpg\" data-cs-background-image-alt-text=\"Esqui en Grandvalira\">\n\t\t\t\t\t\t\t<div class=\"elementor-background-overlay\"><\/div>\n\t\t\t\t\t\t\t<div class=\"elementor-container elementor-column-gap-no\">\n\t\t\t\t\t<div class=\"elementor-column elementor-col-100 elementor-top-column elementor-element elementor-element-a3b7434 dark-color\" data-id=\"a3b7434\" data-element_type=\"column\">\n\t\t\t<div class=\"elementor-widget-wrap elementor-element-populated\">\n\t\t\t\t\t\t<div class=\"elementor-element elementor-element-fc08beb elementor-widget elementor-widget-cs_title\" data-id=\"fc08beb\" data-element_type=\"widget\" data-widget_type=\"cs_title.default\">\n\t\t\t\t<div class=\"elementor-widget-container\">\n\t\t\t\t\t\n        <div class=\"cs-title-wrap text-center\">\t            <h1 class=\"cs-title\">\n\t                Offres\n\t            <\/h1>\t            <div class=\"cs-title-text\">\n\t                Home &gt; Offres\t            <\/div>        <\/div>\t\t\t\t<\/div>\n\t\t\t\t<\/div>\n\t\t\t\t\t<\/div>\n\t\t<\/div>\n\t\t\t\t\t<\/div>\n\t\t<\/section>\n\t\t<div class=\"elementor-element elementor-element-f756627 e-flex e-con-boxed e-con e-parent\" data-id=\"f756627\" data-element_type=\"container\">\n\t\t\t\t\t<div class=\"e-con-inner\">\n\t\t\t\t<div class=\"elementor-element elementor-element-1858249 elementor-widget elementor-widget-cs_title\" data-id=\"1858249\" data-element_type=\"widget\" data-widget_type=\"cs_title.default\">\n\t\t\t\t<div class=\"elementor-widget-container\">\n\t\t\t\t\t\n        <div class=\"cs-title-wrap text-center\">\t            <div class=\"cs-subtitle-wrap\"><span class=\"cs-subtitle\">Trouvez ici les meilleures offres pour louer des appartements de vacances en Andorre.\n\n<\/span><\/div>\t            <div class=\"cs-title-text\">\n\t                <p>Els Llacs Mountain Apartments est ouvert toute l\u2019ann\u00e9e et est heureux de vous accueillir \u00e9galement avec votre animal de compagnie.\u2028\u00a0Nos appartements peuvent accueillir de 2 \u00e0 11 personnes (oui, oui\u2026 11 personnes) et vous offrent tout le confort n\u00e9cessaire pour que vous vous sentiez comme chez vous.<br \/>En outre, vous pourrez profiter gratuitement du spa et de la salle de sport pendant votre s\u00e9jour.<br \/>R\u00e9servez ici votre meilleure offre pour profiter de nos appartements touristiques.<\/p>\t            <\/div>        <\/div>\t\t\t\t<\/div>\n\t\t\t\t<\/div>\n\t\t\t\t<div class=\"elementor-element elementor-element-fb8704c elementor-widget elementor-widget-spacer\" data-id=\"fb8704c\" data-element_type=\"widget\" data-widget_type=\"spacer.default\">\n\t\t\t\t\t\t\t<div class=\"elementor-spacer\">\n\t\t\t<div class=\"elementor-spacer-inner\"><\/div>\n\t\t<\/div>\n\t\t\t\t\t\t<\/div>\n\t\t\t\t\t<\/div>\n\t\t\t\t<\/div>\n\t\t<div class=\"elementor-element elementor-element-b300e47 e-flex e-con-boxed e-con e-parent\" data-id=\"b300e47\" data-element_type=\"container\">\n\t\t\t\t\t<div class=\"e-con-inner\">\n\t\t\t\t<div class=\"elementor-element elementor-element-f478002 elementor-widget elementor-widget-cs_title\" data-id=\"f478002\" data-element_type=\"widget\" data-widget_type=\"cs_title.default\">\n\t\t\t\t<div class=\"elementor-widget-container\">\n\t\t\t\t\t\n        <div class=\"cs-title-wrap text-center\">\t            <h3 class=\"cs-title\">\n\t                Offres disponibles\n\t            <\/h3>        <\/div>\t\t\t\t<\/div>\n\t\t\t\t<\/div>\n\t\t\t\t\t<\/div>\n\t\t\t\t<\/div>\n\t\t\t\t<section class=\"elementor-section elementor-top-section elementor-element elementor-element-693ab6ca item35 elementor-section-boxed elementor-section-height-default elementor-section-height-default\" data-id=\"693ab6ca\" data-element_type=\"section\">\n\t\t\t\t\t\t<div class=\"elementor-container elementor-column-gap-no\">\n\t\t\t\t\t<div class=\"elementor-column elementor-col-33 elementor-top-column elementor-element elementor-element-195d3034\" data-id=\"195d3034\" data-element_type=\"column\">\n\t\t\t<div class=\"elementor-widget-wrap elementor-element-populated\">\n\t\t\t\t\t\t<div class=\"elementor-element elementor-element-2f211818 elementor-widget elementor-widget-cs_call_to_action\" data-id=\"2f211818\" data-element_type=\"widget\" data-widget_type=\"cs_call_to_action.default\">\n\t\t\t\t<div class=\"elementor-widget-container\">\n\t\t\t\t\t\n\t\t<div class=\"cs-cta cta-layout-text-normal text-left cta-hover-img-zoom\">\n            <div class=\"cs-cta-wrap\">\t\t                <div class=\"cs-cta-img-wrap\">\n\t\t\t\t\t        <div class=\"cs-cta-img\">\n\t\t\t\t\t            <img fetchpriority=\"high\" decoding=\"async\" width=\"550\" height=\"405\" src=\"https:\/\/dev.apartamentselsllacs.com\/wp-content\/uploads\/2025\/10\/3-550x405.png\" class=\"attachment-cozystay_550x9999 size-cozystay_550x9999 wp-image-2278\" alt=\"\" srcset=\"https:\/\/dev.apartamentselsllacs.com\/wp-content\/uploads\/2025\/10\/3-550x405.png 550w, https:\/\/dev.apartamentselsllacs.com\/wp-content\/uploads\/2025\/10\/3-300x221.png 300w, https:\/\/dev.apartamentselsllacs.com\/wp-content\/uploads\/2025\/10\/3-600x442.png 600w, https:\/\/dev.apartamentselsllacs.com\/wp-content\/uploads\/2025\/10\/3-370x272.png 370w, https:\/\/dev.apartamentselsllacs.com\/wp-content\/uploads\/2025\/10\/3-255x188.png 255w, https:\/\/dev.apartamentselsllacs.com\/wp-content\/uploads\/2025\/10\/3.png 645w\" sizes=\"(max-width: 550px) 100vw, 550px\" \/>\t\t\t\t\t        <\/div>\n\t\t\t\t\t        <div class=\"cs-offset-border\"><\/div>\n\t\t\t\t\t\t<\/div>                <div class=\"cs-cta-overlay\"><\/div>                \t<div class=\"cs-cta-label label-top-left\">\n\t\t\t\t\t   <div class=\"cs-cta-label-text\">Recommand\u00e9<\/div>\n\t\t\t\t\t<\/div>\n                <div class=\"cs-cta-content\">\t\t            <h6 class=\"cs-cta-title cs-title color-secondary\">\n\t\t                Exclusif Web\t\t            <\/h6>\t\t            <div class=\"cs-cta-text\">\n\t\t                <p>Pour le simple fait d\u2019effectuer votre r\u00e9servation sur le site officiel d\u2019Els Llacs Mountain Apartments, nous vous offrons une remise de 10 % sur toutes vos r\u00e9servations. Lorsque vous ferez votre r\u00e9servation, vous verrez clairement la r\u00e9duction appliqu\u00e9e.<\/p>\t\t            <\/div>\t                <div class=\"cs-cta-btn\">\n\t                    <a class=\"button cs-btn-small cs-btn-with-icon\" role=\"button\" href=\"https:\/\/apartamentselsllacs.com\/fr\/reservations\/?desde=16%2F04%2F22&#038;hasta=18%2F04%2F22&#038;fullintegration=1&#038;idiomaid=fr&#038;channelkey=85B68326-6CC7-7430-E053-B5935B0A0482\">\n\t                        <span class=\"cs-btn-text\">R\u00e9server<\/span>\t\t\t\t            \t<span class=\"cs-btn-icon icon-arrow\"><\/span>\t                    <\/a>\n\t                <\/div>\t\t\t<\/div>                <a class=\"cs-cta-link\" href=\"https:\/\/apartamentselsllacs.com\/reservas\/?desde=&#038;hasta=&#038;fullintegration=1&#038;idiomaid=es&#038;channelkey=85B68326-6CC7-7430-E053-B5935B0A0482\" aria-label=\"Call to Action Link\"><\/a>            <\/div>\n        <\/div>\t\t\t\t<\/div>\n\t\t\t\t<\/div>\n\t\t\t\t\t<\/div>\n\t\t<\/div>\n\t\t\t\t<div class=\"elementor-column elementor-col-33 elementor-top-column elementor-element elementor-element-441b824f\" data-id=\"441b824f\" data-element_type=\"column\">\n\t\t\t<div class=\"elementor-widget-wrap elementor-element-populated\">\n\t\t\t\t\t\t<div class=\"elementor-element elementor-element-7155c3fc elementor-widget elementor-widget-cs_call_to_action\" data-id=\"7155c3fc\" data-element_type=\"widget\" data-widget_type=\"cs_call_to_action.default\">\n\t\t\t\t<div class=\"elementor-widget-container\">\n\t\t\t\t\t\n\t\t<div class=\"cs-cta cta-layout-text-normal text-left cta-hover-img-zoom\">\n            <div class=\"cs-cta-wrap\">\t\t                <div class=\"cs-cta-img-wrap\">\n\t\t\t\t\t        <div class=\"cs-cta-img\">\n\t\t\t\t\t            <img decoding=\"async\" width=\"550\" height=\"405\" src=\"https:\/\/dev.apartamentselsllacs.com\/wp-content\/uploads\/2025\/10\/Oferta-larga-estancia-550x405.jpg\" class=\"attachment-cozystay_550x9999 size-cozystay_550x9999 wp-image-2279\" alt=\"\" srcset=\"https:\/\/dev.apartamentselsllacs.com\/wp-content\/uploads\/2025\/10\/Oferta-larga-estancia-550x405.jpg 550w, https:\/\/dev.apartamentselsllacs.com\/wp-content\/uploads\/2025\/10\/Oferta-larga-estancia-300x221.jpg 300w, https:\/\/dev.apartamentselsllacs.com\/wp-content\/uploads\/2025\/10\/Oferta-larga-estancia-600x442.jpg 600w, https:\/\/dev.apartamentselsllacs.com\/wp-content\/uploads\/2025\/10\/Oferta-larga-estancia-370x272.jpg 370w, https:\/\/dev.apartamentselsllacs.com\/wp-content\/uploads\/2025\/10\/Oferta-larga-estancia-255x188.jpg 255w, https:\/\/dev.apartamentselsllacs.com\/wp-content\/uploads\/2025\/10\/Oferta-larga-estancia.jpg 645w\" sizes=\"(max-width: 550px) 100vw, 550px\" \/>\t\t\t\t\t        <\/div>\n\t\t\t\t\t        <div class=\"cs-offset-border\"><\/div>\n\t\t\t\t\t\t<\/div>                <div class=\"cs-cta-overlay\"><\/div>                \t<div class=\"cs-cta-label label-top-left\">\n\t\t\t\t\t   <div class=\"cs-cta-label-text\">Recommand\u00e9<\/div>\n\t\t\t\t\t<\/div>\n                <div class=\"cs-cta-content\">\t\t            <h6 class=\"cs-cta-title cs-title color-secondary\">\n\t\t                Long s\u00e9jour\t\t            <\/h6>\t\t            <div class=\"cs-cta-text\">\n\t\t                <p>R\u00e9servez un s\u00e9jour de plus de 7 nuits et b\u00e9n\u00e9ficiez d\u2019une r\u00e9duction de 10 % sur vos vacances d\u2019hiver.<\/p><p>Lors de votre r\u00e9servation, vous verrez clairement la r\u00e9duction appliqu\u00e9e.<\/p>\t\t            <\/div>\t                <div class=\"cs-cta-btn\">\n\t                    <a class=\"button cs-btn-small cs-btn-with-icon\" role=\"button\" href=\"https:\/\/apartamentselsllacs.com\/fr\/reservations\/?desde=24\/11\/24&#038;hasta=28\/11\/24&#038;fullintegration=1&#038;idiomaid=fr&#038;channelkey=85B68326-6CC7-7430-E053-B5935B0A0482\">\n\t                        <span class=\"cs-btn-text\">R\u00e9server<\/span>\t\t\t\t            \t<span class=\"cs-btn-icon icon-arrow\"><\/span>\t                    <\/a>\n\t                <\/div>\t\t\t<\/div>                <a class=\"cs-cta-link\" href=\"https:\/\/apartamentselsllacs.com\/reservas\/?desde=&#038;hasta=&#038;fullintegration=1&#038;idiomaid=es&#038;channelkey=85B68326-6CC7-7430-E053-B5935B0A0482\" aria-label=\"Call to Action Link\"><\/a>            <\/div>\n        <\/div>\t\t\t\t<\/div>\n\t\t\t\t<\/div>\n\t\t\t\t\t<\/div>\n\t\t<\/div>\n\t\t\t\t<div class=\"elementor-column elementor-col-33 elementor-top-column elementor-element elementor-element-703a7dfc elementor-hidden-desktop elementor-hidden-tablet elementor-hidden-mobile\" data-id=\"703a7dfc\" data-element_type=\"column\">\n\t\t\t<div class=\"elementor-widget-wrap elementor-element-populated\">\n\t\t\t\t\t\t<div class=\"elementor-element elementor-element-fef1429 elementor-widget elementor-widget-cs_call_to_action\" data-id=\"fef1429\" data-element_type=\"widget\" data-widget_type=\"cs_call_to_action.default\">\n\t\t\t\t<div class=\"elementor-widget-container\">\n\t\t\t\t\t\n\t\t<div class=\"cs-cta cta-layout-text-normal text-left cta-hover-img-zoom\">\n            <div class=\"cs-cta-wrap\">\t\t                <div class=\"cs-cta-img-wrap\">\n\t\t\t\t\t        <div class=\"cs-cta-img\">\n\t\t\t\t\t            <img decoding=\"async\" width=\"550\" height=\"419\" src=\"https:\/\/dev.apartamentselsllacs.com\/wp-content\/uploads\/2025\/10\/0004_ApartamentselsLlacs_Maig2019-1-550x419.jpg\" class=\"attachment-cozystay_550x9999 size-cozystay_550x9999 wp-image-2017\" alt=\"\" srcset=\"https:\/\/dev.apartamentselsllacs.com\/wp-content\/uploads\/2025\/10\/0004_ApartamentselsLlacs_Maig2019-1-550x419.jpg 550w, https:\/\/dev.apartamentselsllacs.com\/wp-content\/uploads\/2025\/10\/0004_ApartamentselsLlacs_Maig2019-1-300x229.jpg 300w, https:\/\/dev.apartamentselsllacs.com\/wp-content\/uploads\/2025\/10\/0004_ApartamentselsLlacs_Maig2019-1-600x457.jpg 600w, https:\/\/dev.apartamentselsllacs.com\/wp-content\/uploads\/2025\/10\/0004_ApartamentselsLlacs_Maig2019-1-370x282.jpg 370w, https:\/\/dev.apartamentselsllacs.com\/wp-content\/uploads\/2025\/10\/0004_ApartamentselsLlacs_Maig2019-1-255x194.jpg 255w, https:\/\/dev.apartamentselsllacs.com\/wp-content\/uploads\/2025\/10\/0004_ApartamentselsLlacs_Maig2019-1.jpg 630w\" sizes=\"(max-width: 550px) 100vw, 550px\" \/>\t\t\t\t\t        <\/div>\n\t\t\t\t\t        <div class=\"cs-offset-border\"><\/div>\n\t\t\t\t\t\t<\/div>                <div class=\"cs-cta-overlay\"><\/div>                \t<div class=\"cs-cta-label label-top-left\">\n\t\t\t\t\t   <div class=\"cs-cta-label-text\">La mejor elecci\u00f3n<\/div>\n\t\t\t\t\t<\/div>\n                <div class=\"cs-cta-content\">\t\t\t\t\t<div class=\"cs-subtitle-wrap\"><span class=\"cs-subtitle\">M\u00e1ximo 4 adultos o 2 adultos + 2 ni\u00f1os\n<\/span><\/div>\t\t            <h6 class=\"cs-cta-title cs-title\">\n\t\t                1 habitaci\u00f3n + altillo, con balc\u00f3n y acceso al spa\n\t\t            <\/h6>\t\t            <div class=\"cs-cta-text\">\n\t\t                <ul><li>1 habitaci\u00f3n con cama matrimonio<\/li><li>Altillo para los m\u00e1s peque\u00f1os (no apto para dormir personas adultas)<\/li><li>Sal\u00f3n-comedor con sof\u00e1 cama para 2 personas<\/li><li>Smart TV<\/li><li>Cocina totalmente equipada<\/li><li>1 ba\u00f1o completo con hidromasaje<\/li><li>Wifi gratuito\u00a0<\/li><\/ul>\t\t            <\/div>\t                <div class=\"cs-cta-btn\">\n\t                    <a class=\"button cs-btn-underline cs-btn-small cs-btn-with-icon\" role=\"button\" href=\"https:\/\/apartamentselsllacs.com\/reservas\/?desde=30\/10\/24&#038;hasta=31\/10\/24&#038;fullintegration=1&#038;idiomaid=es&#038;channelkey=85B68326-6CC7-7430-E053-B5935B0A0482&#038;catalogo=80891@1023860@960660@961200@960780@84320@1131490@1131500@1217140@1217130@1219300@1219340@1217390@993500@&#038;trackid=altell\">\n\t                        <span class=\"cs-btn-text\">VER PRECIOS Y RESERVAR<\/span>\t\t\t\t            \t<span class=\"cs-btn-icon icon-arrow\"><\/span>\t                    <\/a>\n\t                <\/div>\t\t\t<\/div>                <a class=\"cs-cta-link\" href=\"https:\/\/cozystay.loftocean.com\/apartment\/activity-detail\/\" aria-label=\"Call to Action Link\"><\/a>            <\/div>\n        <\/div>\t\t\t\t<\/div>\n\t\t\t\t<\/div>\n\t\t\t\t\t<\/div>\n\t\t<\/div>\n\t\t\t\t\t<\/div>\n\t\t<\/section>\n\t\t\t\t<\/div>\n\t\t","protected":false},"excerpt":{"rendered":"<p>Offres Home &gt; Offres Trouvez ici les meilleures offres pour louer des appartements de vacances en Andorre. Els Llacs Mountain Apartments est ouvert toute l\u2019ann\u00e9e et est heureux de vous accueillir \u00e9galement avec votre animal de compagnie.\u2028\u00a0Nos appartements peuvent accueillir de 2 \u00e0 11 personnes (oui, oui\u2026 11 personnes) et vous offrent tout le confort &#8230;<\/p>\n","protected":false},"author":1,"featured_media":0,"parent":0,"menu_order":0,"comment_status":"closed","ping_status":"closed","template":"template-wide-content.php","meta":{"cozystay_single_page_hide_site_header":"","cozystay_single_page_site_header_source":"","cozystay_single_page_custom_site_header":"0","cozystay_single_page_custom_sticky_site_header":"0","cozystay_single_page_hide_page_title":"on","cozystay_single_page_header_section_size":"","cozystay_single_page_header_background_color":"","cozystay_single_page_header_background_position_x":"center","cozystay_single_page_header_background_position_y":"center","cozystay_single_page_header_background_size":"cover","cozystay_single_page_header_background_repeat":"off","cozystay_single_page_header_background_scroll":"on","cozystay_single_page_header_text_color":"","cozystay_single_page_header_show_breadcrumb":"","cozystay_single_page_site_footer_hide_main":"","cozystay_single_custom_site_footer_main_source":"","cozystay_single_custom_site_footer_main":"0","cozystay_single_page_site_footer_hide_above":"","cozystay_single_custom_site_footer_above_source":"","cozystay_single_custom_site_footer_above":"0","cozystay_single_page_site_footer_hide_instagram":"","cozystay_single_page_site_footer_hide_bottom":"","cozystay_single_custom_mobile_menu_source":"","cozystay_single_custom_mobile_menu":"0","cozystay_single_custom_mobile_menu_animation":"","cozystay_single_custom_mobile_menu_width":"","cozystay_single_custom_mobile_menu_custom_width":375,"footnotes":""},"class_list":["post-5675","page","type-page","status-publish","hentry"],"yoast_head":"<!-- This site is optimized with the Yoast SEO plugin v26.0 - https:\/\/yoast.com\/wordpress\/plugins\/seo\/ -->\n<title>Les meilleures offres d&#039;appartements touristiques en Andorre<\/title>\n<meta name=\"description\" content=\"R\u00e9servez les meilleures offres d&#039;appartements pour vos vacances en Andorre... Avec spa et salle de sport gratuits !\" \/>\n<meta name=\"robots\" content=\"noindex, follow, max-snippet:-1, max-image-preview:large, max-video-preview:-1\" \/>\n<meta property=\"og:locale\" content=\"fr_FR\" \/>\n<meta property=\"og:type\" content=\"article\" \/>\n<meta property=\"og:title\" content=\"Les meilleures offres d&#039;appartements touristiques en Andorre\" \/>\n<meta property=\"og:description\" content=\"R\u00e9servez les meilleures offres d&#039;appartements pour vos vacances en Andorre... Avec spa et salle de sport gratuits !\" \/>\n<meta property=\"og:url\" content=\"https:\/\/dev.apartamentselsllacs.com\/fr\/offres\/\" \/>\n<meta property=\"og:site_name\" content=\"Apartaments Els Llacs\" \/>\n<meta property=\"article:modified_time\" content=\"2026-01-20T21:48:57+00:00\" \/>\n<meta property=\"og:image\" content=\"https:\/\/dev.apartamentselsllacs.com\/wp-content\/uploads\/2025\/10\/3.png\" \/>\n\t<meta property=\"og:image:width\" content=\"645\" \/>\n\t<meta property=\"og:image:height\" content=\"475\" \/>\n\t<meta property=\"og:image:type\" content=\"image\/png\" \/>\n<meta name=\"twitter:card\" content=\"summary_large_image\" \/>\n<meta name=\"twitter:label1\" content=\"Dur\u00e9e de lecture estim\u00e9e\" \/>\n\t<meta name=\"twitter:data1\" content=\"2 minutes\" \/>\n<script type=\"application\/ld+json\" class=\"yoast-schema-graph\">{\"@context\":\"https:\/\/schema.org\",\"@graph\":[{\"@type\":\"WebPage\",\"@id\":\"https:\/\/dev.apartamentselsllacs.com\/fr\/offres\/\",\"url\":\"https:\/\/dev.apartamentselsllacs.com\/fr\/offres\/\",\"name\":\"Les meilleures offres d'appartements touristiques en Andorre\",\"isPartOf\":{\"@id\":\"https:\/\/dev.apartamentselsllacs.com\/fr\/#website\"},\"primaryImageOfPage\":{\"@id\":\"https:\/\/dev.apartamentselsllacs.com\/fr\/offres\/#primaryimage\"},\"image\":{\"@id\":\"https:\/\/dev.apartamentselsllacs.com\/fr\/offres\/#primaryimage\"},\"thumbnailUrl\":\"https:\/\/dev.apartamentselsllacs.com\/wp-content\/uploads\/2025\/10\/3-550x405.png\",\"datePublished\":\"2025-10-06T23:59:04+00:00\",\"dateModified\":\"2026-01-20T21:48:57+00:00\",\"description\":\"R\u00e9servez les meilleures offres d'appartements pour vos vacances en Andorre... Avec spa et salle de sport gratuits !\",\"breadcrumb\":{\"@id\":\"https:\/\/dev.apartamentselsllacs.com\/fr\/offres\/#breadcrumb\"},\"inLanguage\":\"fr-FR\",\"potentialAction\":[{\"@type\":\"ReadAction\",\"target\":[\"https:\/\/dev.apartamentselsllacs.com\/fr\/offres\/\"]}]},{\"@type\":\"ImageObject\",\"inLanguage\":\"fr-FR\",\"@id\":\"https:\/\/dev.apartamentselsllacs.com\/fr\/offres\/#primaryimage\",\"url\":\"https:\/\/dev.apartamentselsllacs.com\/wp-content\/uploads\/2025\/10\/3-550x405.png\",\"contentUrl\":\"https:\/\/dev.apartamentselsllacs.com\/wp-content\/uploads\/2025\/10\/3-550x405.png\"},{\"@type\":\"BreadcrumbList\",\"@id\":\"https:\/\/dev.apartamentselsllacs.com\/fr\/offres\/#breadcrumb\",\"itemListElement\":[{\"@type\":\"ListItem\",\"position\":1,\"name\":\"Home\",\"item\":\"https:\/\/dev.apartamentselsllacs.com\/fr\/\"},{\"@type\":\"ListItem\",\"position\":2,\"name\":\"Offres\"}]},{\"@type\":\"WebSite\",\"@id\":\"https:\/\/dev.apartamentselsllacs.com\/fr\/#website\",\"url\":\"https:\/\/dev.apartamentselsllacs.com\/fr\/\",\"name\":\"Apartaments Els Llacs\",\"description\":\"\",\"publisher\":{\"@id\":\"https:\/\/dev.apartamentselsllacs.com\/fr\/#organization\"},\"potentialAction\":[{\"@type\":\"SearchAction\",\"target\":{\"@type\":\"EntryPoint\",\"urlTemplate\":\"https:\/\/dev.apartamentselsllacs.com\/fr\/?s={search_term_string}\"},\"query-input\":{\"@type\":\"PropertyValueSpecification\",\"valueRequired\":true,\"valueName\":\"search_term_string\"}}],\"inLanguage\":\"fr-FR\"},{\"@type\":\"Organization\",\"@id\":\"https:\/\/dev.apartamentselsllacs.com\/fr\/#organization\",\"name\":\"Apartaments Els Llacs\",\"url\":\"https:\/\/dev.apartamentselsllacs.com\/fr\/\",\"logo\":{\"@type\":\"ImageObject\",\"inLanguage\":\"fr-FR\",\"@id\":\"https:\/\/dev.apartamentselsllacs.com\/fr\/#\/schema\/logo\/image\/\",\"url\":\"https:\/\/dev.apartamentselsllacs.com\/wp-content\/uploads\/2025\/09\/ELS_LLACS_BORDES_COLOR_RGB-1.jpg\",\"contentUrl\":\"https:\/\/dev.apartamentselsllacs.com\/wp-content\/uploads\/2025\/09\/ELS_LLACS_BORDES_COLOR_RGB-1.jpg\",\"width\":1478,\"height\":308,\"caption\":\"Apartaments Els Llacs\"},\"image\":{\"@id\":\"https:\/\/dev.apartamentselsllacs.com\/fr\/#\/schema\/logo\/image\/\"}}]}<\/script>\n<!-- \/ Yoast SEO plugin. -->","yoast_head_json":{"title":"Les meilleures offres d'appartements touristiques en Andorre","description":"R\u00e9servez les meilleures offres d'appartements pour vos vacances en Andorre... Avec spa et salle de sport gratuits !","robots":{"index":"noindex","follow":"follow","max-snippet":"max-snippet:-1","max-image-preview":"max-image-preview:large","max-video-preview":"max-video-preview:-1"},"og_locale":"fr_FR","og_type":"article","og_title":"Les meilleures offres d'appartements touristiques en Andorre","og_description":"R\u00e9servez les meilleures offres d'appartements pour vos vacances en Andorre... Avec spa et salle de sport gratuits !","og_url":"https:\/\/dev.apartamentselsllacs.com\/fr\/offres\/","og_site_name":"Apartaments Els Llacs","article_modified_time":"2026-01-20T21:48:57+00:00","og_image":[{"width":645,"height":475,"url":"https:\/\/dev.apartamentselsllacs.com\/wp-content\/uploads\/2025\/10\/3.png","type":"image\/png"}],"twitter_card":"summary_large_image","twitter_misc":{"Dur\u00e9e de lecture estim\u00e9e":"2 minutes"},"schema":{"@context":"https:\/\/schema.org","@graph":[{"@type":"WebPage","@id":"https:\/\/dev.apartamentselsllacs.com\/fr\/offres\/","url":"https:\/\/dev.apartamentselsllacs.com\/fr\/offres\/","name":"Les meilleures offres d'appartements touristiques en Andorre","isPartOf":{"@id":"https:\/\/dev.apartamentselsllacs.com\/fr\/#website"},"primaryImageOfPage":{"@id":"https:\/\/dev.apartamentselsllacs.com\/fr\/offres\/#primaryimage"},"image":{"@id":"https:\/\/dev.apartamentselsllacs.com\/fr\/offres\/#primaryimage"},"thumbnailUrl":"https:\/\/dev.apartamentselsllacs.com\/wp-content\/uploads\/2025\/10\/3-550x405.png","datePublished":"2025-10-06T23:59:04+00:00","dateModified":"2026-01-20T21:48:57+00:00","description":"R\u00e9servez les meilleures offres d'appartements pour vos vacances en Andorre... Avec spa et salle de sport gratuits !","breadcrumb":{"@id":"https:\/\/dev.apartamentselsllacs.com\/fr\/offres\/#breadcrumb"},"inLanguage":"fr-FR","potentialAction":[{"@type":"ReadAction","target":["https:\/\/dev.apartamentselsllacs.com\/fr\/offres\/"]}]},{"@type":"ImageObject","inLanguage":"fr-FR","@id":"https:\/\/dev.apartamentselsllacs.com\/fr\/offres\/#primaryimage","url":"https:\/\/dev.apartamentselsllacs.com\/wp-content\/uploads\/2025\/10\/3-550x405.png","contentUrl":"https:\/\/dev.apartamentselsllacs.com\/wp-content\/uploads\/2025\/10\/3-550x405.png"},{"@type":"BreadcrumbList","@id":"https:\/\/dev.apartamentselsllacs.com\/fr\/offres\/#breadcrumb","itemListElement":[{"@type":"ListItem","position":1,"name":"Home","item":"https:\/\/dev.apartamentselsllacs.com\/fr\/"},{"@type":"ListItem","position":2,"name":"Offres"}]},{"@type":"WebSite","@id":"https:\/\/dev.apartamentselsllacs.com\/fr\/#website","url":"https:\/\/dev.apartamentselsllacs.com\/fr\/","name":"Apartaments Els Llacs","description":"","publisher":{"@id":"https:\/\/dev.apartamentselsllacs.com\/fr\/#organization"},"potentialAction":[{"@type":"SearchAction","target":{"@type":"EntryPoint","urlTemplate":"https:\/\/dev.apartamentselsllacs.com\/fr\/?s={search_term_string}"},"query-input":{"@type":"PropertyValueSpecification","valueRequired":true,"valueName":"search_term_string"}}],"inLanguage":"fr-FR"},{"@type":"Organization","@id":"https:\/\/dev.apartamentselsllacs.com\/fr\/#organization","name":"Apartaments Els Llacs","url":"https:\/\/dev.apartamentselsllacs.com\/fr\/","logo":{"@type":"ImageObject","inLanguage":"fr-FR","@id":"https:\/\/dev.apartamentselsllacs.com\/fr\/#\/schema\/logo\/image\/","url":"https:\/\/dev.apartamentselsllacs.com\/wp-content\/uploads\/2025\/09\/ELS_LLACS_BORDES_COLOR_RGB-1.jpg","contentUrl":"https:\/\/dev.apartamentselsllacs.com\/wp-content\/uploads\/2025\/09\/ELS_LLACS_BORDES_COLOR_RGB-1.jpg","width":1478,"height":308,"caption":"Apartaments Els Llacs"},"image":{"@id":"https:\/\/dev.apartamentselsllacs.com\/fr\/#\/schema\/logo\/image\/"}}]}},"_links":{"self":[{"href":"https:\/\/dev.apartamentselsllacs.com\/fr\/wp-json\/wp\/v2\/pages\/5675","targetHints":{"allow":["GET"]}}],"collection":[{"href":"https:\/\/dev.apartamentselsllacs.com\/fr\/wp-json\/wp\/v2\/pages"}],"about":[{"href":"https:\/\/dev.apartamentselsllacs.com\/fr\/wp-json\/wp\/v2\/types\/page"}],"author":[{"embeddable":true,"href":"https:\/\/dev.apartamentselsllacs.com\/fr\/wp-json\/wp\/v2\/users\/1"}],"replies":[{"embeddable":true,"href":"https:\/\/dev.apartamentselsllacs.com\/fr\/wp-json\/wp\/v2\/comments?post=5675"}],"version-history":[{"count":7,"href":"https:\/\/dev.apartamentselsllacs.com\/fr\/wp-json\/wp\/v2\/pages\/5675\/revisions"}],"predecessor-version":[{"id":5706,"href":"https:\/\/dev.apartamentselsllacs.com\/fr\/wp-json\/wp\/v2\/pages\/5675\/revisions\/5706"}],"wp:attachment":[{"href":"https:\/\/dev.apartamentselsllacs.com\/fr\/wp-json\/wp\/v2\/media?parent=5675"}],"curies":[{"name":"wp","href":"https:\/\/api.w.org\/{rel}","templated":true}]}}