{"id":5671,"date":"2025-10-07T01:59:04","date_gmt":"2025-10-06T23:59:04","guid":{"rendered":"https:\/\/dev.apartamentselsllacs.com\/ofertas\/"},"modified":"2026-01-21T15:17:54","modified_gmt":"2026-01-21T14:17:54","slug":"ofertes","status":"publish","type":"page","link":"https:\/\/dev.apartamentselsllacs.com\/ca\/ofertes\/","title":{"rendered":"Ofertes"},"content":{"rendered":"\t\t<div data-elementor-type=\"wp-page\" data-elementor-id=\"5671\" class=\"elementor elementor-5671 elementor-2272\" data-elementor-post-type=\"page\">\n\t\t\t\t\t\t<section class=\"elementor-section elementor-top-section elementor-element elementor-element-6e1c050c elementor-section-height-min-height cs-section-content-fullwidth cs-parallax-on-scroll cs_scroll_y_80 elementor-section-boxed elementor-section-height-default elementor-section-items-middle\" data-id=\"6e1c050c\" data-element_type=\"section\" data-settings=\"{&quot;background_background&quot;:&quot;classic&quot;}\" data-cs-parallax-y=\"80\" style=\"background-image: none;\" data-cs-background-image=\"https:\/\/dev.apartamentselsllacs.com\/wp-content\/uploads\/2025\/12\/Esqui-en-Grandvalira.jpg\" data-cs-background-image-alt-text=\"Esqui en Grandvalira\">\n\t\t\t\t\t\t\t<div class=\"elementor-background-overlay\"><\/div>\n\t\t\t\t\t\t\t<div class=\"elementor-container elementor-column-gap-no\">\n\t\t\t\t\t<div class=\"elementor-column elementor-col-100 elementor-top-column elementor-element elementor-element-a3b7434 dark-color\" data-id=\"a3b7434\" data-element_type=\"column\">\n\t\t\t<div class=\"elementor-widget-wrap elementor-element-populated\">\n\t\t\t\t\t\t<div class=\"elementor-element elementor-element-fc08beb elementor-widget elementor-widget-cs_title\" data-id=\"fc08beb\" data-element_type=\"widget\" data-widget_type=\"cs_title.default\">\n\t\t\t\t<div class=\"elementor-widget-container\">\n\t\t\t\t\t\n        <div class=\"cs-title-wrap text-center\">\t            <h1 class=\"cs-title\">\n\t                Ofertes\n\t            <\/h1>\t            <div class=\"cs-title-text\">\n\t                Home &gt; Ofertes\t            <\/div>        <\/div>\t\t\t\t<\/div>\n\t\t\t\t<\/div>\n\t\t\t\t\t<\/div>\n\t\t<\/div>\n\t\t\t\t\t<\/div>\n\t\t<\/section>\n\t\t<div class=\"elementor-element elementor-element-f756627 e-flex e-con-boxed e-con e-parent\" data-id=\"f756627\" data-element_type=\"container\">\n\t\t\t\t\t<div class=\"e-con-inner\">\n\t\t\t\t<div class=\"elementor-element elementor-element-1858249 elementor-widget elementor-widget-cs_title\" data-id=\"1858249\" data-element_type=\"widget\" data-widget_type=\"cs_title.default\">\n\t\t\t\t<div class=\"elementor-widget-container\">\n\t\t\t\t\t\n        <div class=\"cs-title-wrap text-center\">\t            <div class=\"cs-subtitle-wrap\"><span class=\"cs-subtitle\">Troba aqu\u00ed les millors ofertes d\u2019apartaments a Andorra.\n<\/span><\/div>\t            <div class=\"cs-title-text\">\n\t                <p>Els Llacs Mountain Apartments obre durant tot l\u2019any i est\u00e0 encantat de rebre\u2019t tamb\u00e9 amb el teu animal de companyia. Els nostres apartaments tenen Capacitat de 2 a 11 persones (s\u00ed, s\u00ed .. a 11 persones) i t\u2019ofereix totes les comoditats perqu\u00e8 et sentis com a casa.<br \/>A m\u00e9s, podr\u00e0s gaudir de spa i gimn\u00e0s gratu\u00efts durant la teva estada.<br \/>Reserva aqu\u00ed la teva millor oferta per gaudir dels nostres apartaments tur\u00edstics.<\/p>\t            <\/div>        <\/div>\t\t\t\t<\/div>\n\t\t\t\t<\/div>\n\t\t\t\t<div class=\"elementor-element elementor-element-fb8704c elementor-widget elementor-widget-spacer\" data-id=\"fb8704c\" data-element_type=\"widget\" data-widget_type=\"spacer.default\">\n\t\t\t\t\t\t\t<div class=\"elementor-spacer\">\n\t\t\t<div class=\"elementor-spacer-inner\"><\/div>\n\t\t<\/div>\n\t\t\t\t\t\t<\/div>\n\t\t\t\t\t<\/div>\n\t\t\t\t<\/div>\n\t\t<div class=\"elementor-element elementor-element-b300e47 e-flex e-con-boxed e-con e-parent\" data-id=\"b300e47\" data-element_type=\"container\">\n\t\t\t\t\t<div class=\"e-con-inner\">\n\t\t\t\t<div class=\"elementor-element elementor-element-f478002 elementor-widget elementor-widget-cs_title\" data-id=\"f478002\" data-element_type=\"widget\" data-widget_type=\"cs_title.default\">\n\t\t\t\t<div class=\"elementor-widget-container\">\n\t\t\t\t\t\n        <div class=\"cs-title-wrap text-center\">\t            <h3 class=\"cs-title\">\n\t                Ofertes disponibles\n\t            <\/h3>        <\/div>\t\t\t\t<\/div>\n\t\t\t\t<\/div>\n\t\t\t\t\t<\/div>\n\t\t\t\t<\/div>\n\t\t\t\t<section class=\"elementor-section elementor-top-section elementor-element elementor-element-693ab6ca item35 elementor-section-boxed elementor-section-height-default elementor-section-height-default\" data-id=\"693ab6ca\" data-element_type=\"section\">\n\t\t\t\t\t\t<div class=\"elementor-container elementor-column-gap-no\">\n\t\t\t\t\t<div class=\"elementor-column elementor-col-33 elementor-top-column elementor-element elementor-element-195d3034\" data-id=\"195d3034\" data-element_type=\"column\">\n\t\t\t<div class=\"elementor-widget-wrap elementor-element-populated\">\n\t\t\t\t\t\t<div class=\"elementor-element elementor-element-2f211818 elementor-widget elementor-widget-cs_call_to_action\" data-id=\"2f211818\" data-element_type=\"widget\" data-widget_type=\"cs_call_to_action.default\">\n\t\t\t\t<div class=\"elementor-widget-container\">\n\t\t\t\t\t\n\t\t<div class=\"cs-cta cta-layout-text-normal text-left cta-hover-img-zoom\">\n            <div class=\"cs-cta-wrap\">\t\t                <div class=\"cs-cta-img-wrap\">\n\t\t\t\t\t        <div class=\"cs-cta-img\">\n\t\t\t\t\t            <img fetchpriority=\"high\" decoding=\"async\" width=\"550\" height=\"405\" src=\"https:\/\/dev.apartamentselsllacs.com\/wp-content\/uploads\/2025\/10\/3-550x405.png\" class=\"attachment-cozystay_550x9999 size-cozystay_550x9999 wp-image-2278\" alt=\"\" srcset=\"https:\/\/dev.apartamentselsllacs.com\/wp-content\/uploads\/2025\/10\/3-550x405.png 550w, https:\/\/dev.apartamentselsllacs.com\/wp-content\/uploads\/2025\/10\/3-300x221.png 300w, https:\/\/dev.apartamentselsllacs.com\/wp-content\/uploads\/2025\/10\/3-600x442.png 600w, https:\/\/dev.apartamentselsllacs.com\/wp-content\/uploads\/2025\/10\/3-370x272.png 370w, https:\/\/dev.apartamentselsllacs.com\/wp-content\/uploads\/2025\/10\/3-255x188.png 255w, https:\/\/dev.apartamentselsllacs.com\/wp-content\/uploads\/2025\/10\/3.png 645w\" sizes=\"(max-width: 550px) 100vw, 550px\" \/>\t\t\t\t\t        <\/div>\n\t\t\t\t\t        <div class=\"cs-offset-border\"><\/div>\n\t\t\t\t\t\t<\/div>                <div class=\"cs-cta-overlay\"><\/div>                \t<div class=\"cs-cta-label label-top-left\">\n\t\t\t\t\t   <div class=\"cs-cta-label-text\">Recomanat<\/div>\n\t\t\t\t\t<\/div>\n                <div class=\"cs-cta-content\">\t\t            <h6 class=\"cs-cta-title cs-title color-secondary\">\n\t\t                Exclusiu Web\t\t            <\/h6>\t\t            <div class=\"cs-cta-text\">\n\t\t                <p>Pel simple fet de realitzar la teva reserva a la web oficial dels Llacs Mountain Apartments, et premiem amb un 10% de descompte en totes les reserves. En fer la reserva, veur\u00e0s clarament el descompte aplicat.<\/p>\t\t            <\/div>\t                <div class=\"cs-cta-btn\">\n\t                    <a class=\"button cs-btn-small cs-btn-with-icon\" role=\"button\" href=\"https:\/\/apartamentselsllacs.com\/ca\/reserves\/?desde=&#038;hasta=&#038;fullintegration=1&#038;idiomaid=ca&#038;channelkey=85B68326-6CC7-7430-E053-B5935B0A0482\">\n\t                        <span class=\"cs-btn-text\">Reserva ara<\/span>\t\t\t\t            \t<span class=\"cs-btn-icon icon-arrow\"><\/span>\t                    <\/a>\n\t                <\/div>\t\t\t<\/div>                <a class=\"cs-cta-link\" href=\"https:\/\/apartamentselsllacs.com\/reservas\/?desde=&#038;hasta=&#038;fullintegration=1&#038;idiomaid=es&#038;channelkey=85B68326-6CC7-7430-E053-B5935B0A0482\" aria-label=\"Call to Action Link\"><\/a>            <\/div>\n        <\/div>\t\t\t\t<\/div>\n\t\t\t\t<\/div>\n\t\t\t\t\t<\/div>\n\t\t<\/div>\n\t\t\t\t<div class=\"elementor-column elementor-col-33 elementor-top-column elementor-element elementor-element-441b824f\" data-id=\"441b824f\" data-element_type=\"column\">\n\t\t\t<div class=\"elementor-widget-wrap elementor-element-populated\">\n\t\t\t\t\t\t<div class=\"elementor-element elementor-element-7155c3fc elementor-widget elementor-widget-cs_call_to_action\" data-id=\"7155c3fc\" data-element_type=\"widget\" data-widget_type=\"cs_call_to_action.default\">\n\t\t\t\t<div class=\"elementor-widget-container\">\n\t\t\t\t\t\n\t\t<div class=\"cs-cta cta-layout-text-normal text-left cta-hover-img-zoom\">\n            <div class=\"cs-cta-wrap\">\t\t                <div class=\"cs-cta-img-wrap\">\n\t\t\t\t\t        <div class=\"cs-cta-img\">\n\t\t\t\t\t            <img decoding=\"async\" width=\"550\" height=\"405\" src=\"https:\/\/dev.apartamentselsllacs.com\/wp-content\/uploads\/2025\/10\/Oferta-larga-estancia-550x405.jpg\" class=\"attachment-cozystay_550x9999 size-cozystay_550x9999 wp-image-2279\" alt=\"\" srcset=\"https:\/\/dev.apartamentselsllacs.com\/wp-content\/uploads\/2025\/10\/Oferta-larga-estancia-550x405.jpg 550w, https:\/\/dev.apartamentselsllacs.com\/wp-content\/uploads\/2025\/10\/Oferta-larga-estancia-300x221.jpg 300w, https:\/\/dev.apartamentselsllacs.com\/wp-content\/uploads\/2025\/10\/Oferta-larga-estancia-600x442.jpg 600w, https:\/\/dev.apartamentselsllacs.com\/wp-content\/uploads\/2025\/10\/Oferta-larga-estancia-370x272.jpg 370w, https:\/\/dev.apartamentselsllacs.com\/wp-content\/uploads\/2025\/10\/Oferta-larga-estancia-255x188.jpg 255w, https:\/\/dev.apartamentselsllacs.com\/wp-content\/uploads\/2025\/10\/Oferta-larga-estancia.jpg 645w\" sizes=\"(max-width: 550px) 100vw, 550px\" \/>\t\t\t\t\t        <\/div>\n\t\t\t\t\t        <div class=\"cs-offset-border\"><\/div>\n\t\t\t\t\t\t<\/div>                <div class=\"cs-cta-overlay\"><\/div>                \t<div class=\"cs-cta-label label-top-left\">\n\t\t\t\t\t   <div class=\"cs-cta-label-text\">Recomanat<\/div>\n\t\t\t\t\t<\/div>\n                <div class=\"cs-cta-content\">\t\t            <h6 class=\"cs-cta-title cs-title color-secondary\">\n\t\t                Llarga Estada\t\t            <\/h6>\t\t            <div class=\"cs-cta-text\">\n\t\t                <p>Reserva una estada de m\u00e9s de 7 nits i beneficia\u2019t d\u2019un 10% de descompte en les teves vacances d\u2019hivern.<br \/>En fer la reserva, veur\u00e0s clarament el descompte aplicat.<\/p>\t\t            <\/div>\t                <div class=\"cs-cta-btn\">\n\t                    <a class=\"button cs-btn-small cs-btn-with-icon\" role=\"button\" href=\"https:\/\/apartamentselsllacs.com\/ca\/reserves\/?desde=24\/11\/24&#038;hasta=28\/11\/24&#038;fullintegration=1&#038;idiomaid=ca&#038;channelkey=85B68326-6CC7-7430-E053-B5935B0A0482\">\n\t                        <span class=\"cs-btn-text\">Reserva ara<\/span>\t\t\t\t            \t<span class=\"cs-btn-icon icon-arrow\"><\/span>\t                    <\/a>\n\t                <\/div>\t\t\t<\/div>                <a class=\"cs-cta-link\" href=\"https:\/\/apartamentselsllacs.com\/reservas\/?desde=&#038;hasta=&#038;fullintegration=1&#038;idiomaid=es&#038;channelkey=85B68326-6CC7-7430-E053-B5935B0A0482\" aria-label=\"Call to Action Link\"><\/a>            <\/div>\n        <\/div>\t\t\t\t<\/div>\n\t\t\t\t<\/div>\n\t\t\t\t\t<\/div>\n\t\t<\/div>\n\t\t\t\t<div class=\"elementor-column elementor-col-33 elementor-top-column elementor-element elementor-element-703a7dfc elementor-hidden-desktop elementor-hidden-tablet elementor-hidden-mobile\" data-id=\"703a7dfc\" data-element_type=\"column\">\n\t\t\t<div class=\"elementor-widget-wrap elementor-element-populated\">\n\t\t\t\t\t\t<div class=\"elementor-element elementor-element-fef1429 elementor-widget elementor-widget-cs_call_to_action\" data-id=\"fef1429\" data-element_type=\"widget\" data-widget_type=\"cs_call_to_action.default\">\n\t\t\t\t<div class=\"elementor-widget-container\">\n\t\t\t\t\t\n\t\t<div class=\"cs-cta cta-layout-text-normal text-left cta-hover-img-zoom\">\n            <div class=\"cs-cta-wrap\">\t\t                <div class=\"cs-cta-img-wrap\">\n\t\t\t\t\t        <div class=\"cs-cta-img\">\n\t\t\t\t\t            <img decoding=\"async\" width=\"550\" height=\"419\" src=\"https:\/\/dev.apartamentselsllacs.com\/wp-content\/uploads\/2025\/10\/0004_ApartamentselsLlacs_Maig2019-1-550x419.jpg\" class=\"attachment-cozystay_550x9999 size-cozystay_550x9999 wp-image-2017\" alt=\"\" srcset=\"https:\/\/dev.apartamentselsllacs.com\/wp-content\/uploads\/2025\/10\/0004_ApartamentselsLlacs_Maig2019-1-550x419.jpg 550w, https:\/\/dev.apartamentselsllacs.com\/wp-content\/uploads\/2025\/10\/0004_ApartamentselsLlacs_Maig2019-1-300x229.jpg 300w, https:\/\/dev.apartamentselsllacs.com\/wp-content\/uploads\/2025\/10\/0004_ApartamentselsLlacs_Maig2019-1-600x457.jpg 600w, https:\/\/dev.apartamentselsllacs.com\/wp-content\/uploads\/2025\/10\/0004_ApartamentselsLlacs_Maig2019-1-370x282.jpg 370w, https:\/\/dev.apartamentselsllacs.com\/wp-content\/uploads\/2025\/10\/0004_ApartamentselsLlacs_Maig2019-1-255x194.jpg 255w, https:\/\/dev.apartamentselsllacs.com\/wp-content\/uploads\/2025\/10\/0004_ApartamentselsLlacs_Maig2019-1.jpg 630w\" sizes=\"(max-width: 550px) 100vw, 550px\" \/>\t\t\t\t\t        <\/div>\n\t\t\t\t\t        <div class=\"cs-offset-border\"><\/div>\n\t\t\t\t\t\t<\/div>                <div class=\"cs-cta-overlay\"><\/div>                \t<div class=\"cs-cta-label label-top-left\">\n\t\t\t\t\t   <div class=\"cs-cta-label-text\">La mejor elecci\u00f3n<\/div>\n\t\t\t\t\t<\/div>\n                <div class=\"cs-cta-content\">\t\t\t\t\t<div class=\"cs-subtitle-wrap\"><span class=\"cs-subtitle\">M\u00e1ximo 4 adultos o 2 adultos + 2 ni\u00f1os\n<\/span><\/div>\t\t            <h6 class=\"cs-cta-title cs-title\">\n\t\t                1 habitaci\u00f3n + altillo, con balc\u00f3n y acceso al spa\n\t\t            <\/h6>\t\t            <div class=\"cs-cta-text\">\n\t\t                <ul><li>1 habitaci\u00f3n con cama matrimonio<\/li><li>Altillo para los m\u00e1s peque\u00f1os (no apto para dormir personas adultas)<\/li><li>Sal\u00f3n-comedor con sof\u00e1 cama para 2 personas<\/li><li>Smart TV<\/li><li>Cocina totalmente equipada<\/li><li>1 ba\u00f1o completo con hidromasaje<\/li><li>Wifi gratuito\u00a0<\/li><\/ul>\t\t            <\/div>\t                <div class=\"cs-cta-btn\">\n\t                    <a class=\"button cs-btn-underline cs-btn-small cs-btn-with-icon\" role=\"button\" href=\"https:\/\/apartamentselsllacs.com\/reservas\/?desde=30\/10\/24&#038;hasta=31\/10\/24&#038;fullintegration=1&#038;idiomaid=es&#038;channelkey=85B68326-6CC7-7430-E053-B5935B0A0482&#038;catalogo=80891@1023860@960660@961200@960780@84320@1131490@1131500@1217140@1217130@1219300@1219340@1217390@993500@&#038;trackid=altell\">\n\t                        <span class=\"cs-btn-text\">VER PRECIOS Y RESERVAR<\/span>\t\t\t\t            \t<span class=\"cs-btn-icon icon-arrow\"><\/span>\t                    <\/a>\n\t                <\/div>\t\t\t<\/div>                <a class=\"cs-cta-link\" href=\"https:\/\/cozystay.loftocean.com\/apartment\/activity-detail\/\" aria-label=\"Call to Action Link\"><\/a>            <\/div>\n        <\/div>\t\t\t\t<\/div>\n\t\t\t\t<\/div>\n\t\t\t\t\t<\/div>\n\t\t<\/div>\n\t\t\t\t\t<\/div>\n\t\t<\/section>\n\t\t\t\t<\/div>\n\t\t","protected":false},"excerpt":{"rendered":"<p>Ofertes Home &gt; Ofertes Troba aqu\u00ed les millors ofertes d\u2019apartaments a Andorra. Els Llacs Mountain Apartments obre durant tot l\u2019any i est\u00e0 encantat de rebre\u2019t tamb\u00e9 amb el teu animal de companyia. Els nostres apartaments tenen Capacitat de 2 a 11 persones (s\u00ed, s\u00ed .. a 11 persones) i t\u2019ofereix totes les comoditats perqu\u00e8 et &#8230;<\/p>\n","protected":false},"author":1,"featured_media":0,"parent":0,"menu_order":0,"comment_status":"closed","ping_status":"closed","template":"template-wide-content.php","meta":{"cozystay_single_page_hide_site_header":"","cozystay_single_page_site_header_source":"","cozystay_single_page_custom_site_header":"0","cozystay_single_page_custom_sticky_site_header":"0","cozystay_single_page_hide_page_title":"on","cozystay_single_page_header_section_size":"","cozystay_single_page_header_background_color":"","cozystay_single_page_header_background_position_x":"center","cozystay_single_page_header_background_position_y":"center","cozystay_single_page_header_background_size":"cover","cozystay_single_page_header_background_repeat":"off","cozystay_single_page_header_background_scroll":"on","cozystay_single_page_header_text_color":"","cozystay_single_page_header_show_breadcrumb":"","cozystay_single_page_site_footer_hide_main":"","cozystay_single_custom_site_footer_main_source":"","cozystay_single_custom_site_footer_main":"0","cozystay_single_page_site_footer_hide_above":"","cozystay_single_custom_site_footer_above_source":"","cozystay_single_custom_site_footer_above":"0","cozystay_single_page_site_footer_hide_instagram":"","cozystay_single_page_site_footer_hide_bottom":"","cozystay_single_custom_mobile_menu_source":"","cozystay_single_custom_mobile_menu":"0","cozystay_single_custom_mobile_menu_animation":"","cozystay_single_custom_mobile_menu_width":"","cozystay_single_custom_mobile_menu_custom_width":375,"footnotes":""},"class_list":["post-5671","page","type-page","status-publish","hentry"],"yoast_head":"<!-- This site is optimized with the Yoast SEO plugin v26.0 - https:\/\/yoast.com\/wordpress\/plugins\/seo\/ -->\n<title>Les millors ofertes d&#039;apartaments tur\u00edstics a Andorra<\/title>\n<meta name=\"description\" content=\"Reserva les millors ofertes d&#039;apartamentas per a les teves vacances a Andorra: ideals per fam\u00edlies amb nens, grups d&#039;amics... Amb spa i gimn\u00e0s gratu\u00efts!\" \/>\n<meta name=\"robots\" content=\"noindex, follow, max-snippet:-1, max-image-preview:large, max-video-preview:-1\" \/>\n<meta property=\"og:locale\" content=\"ca_ES\" \/>\n<meta property=\"og:type\" content=\"article\" \/>\n<meta property=\"og:title\" content=\"Les millors ofertes d&#039;apartaments tur\u00edstics a Andorra\" \/>\n<meta property=\"og:description\" content=\"Reserva les millors ofertes d&#039;apartamentas per a les teves vacances a Andorra: ideals per fam\u00edlies amb nens, grups d&#039;amics... Amb spa i gimn\u00e0s gratu\u00efts!\" \/>\n<meta property=\"og:url\" content=\"https:\/\/dev.apartamentselsllacs.com\/ca\/ofertes\/\" \/>\n<meta property=\"og:site_name\" content=\"Apartaments Els Llacs\" \/>\n<meta property=\"article:modified_time\" content=\"2026-01-21T14:17:54+00:00\" \/>\n<meta property=\"og:image\" content=\"https:\/\/dev.apartamentselsllacs.com\/wp-content\/uploads\/2025\/10\/3.png\" \/>\n\t<meta property=\"og:image:width\" content=\"645\" \/>\n\t<meta property=\"og:image:height\" content=\"475\" \/>\n\t<meta property=\"og:image:type\" content=\"image\/png\" \/>\n<meta name=\"twitter:card\" content=\"summary_large_image\" \/>\n<meta name=\"twitter:label1\" content=\"Temps estimat de lectura\" \/>\n\t<meta name=\"twitter:data1\" content=\"2 minuts\" \/>\n<script type=\"application\/ld+json\" class=\"yoast-schema-graph\">{\"@context\":\"https:\/\/schema.org\",\"@graph\":[{\"@type\":\"WebPage\",\"@id\":\"https:\/\/dev.apartamentselsllacs.com\/ca\/ofertes\/\",\"url\":\"https:\/\/dev.apartamentselsllacs.com\/ca\/ofertes\/\",\"name\":\"Les millors ofertes d'apartaments tur\u00edstics a Andorra\",\"isPartOf\":{\"@id\":\"https:\/\/dev.apartamentselsllacs.com\/ca\/#website\"},\"primaryImageOfPage\":{\"@id\":\"https:\/\/dev.apartamentselsllacs.com\/ca\/ofertes\/#primaryimage\"},\"image\":{\"@id\":\"https:\/\/dev.apartamentselsllacs.com\/ca\/ofertes\/#primaryimage\"},\"thumbnailUrl\":\"https:\/\/dev.apartamentselsllacs.com\/wp-content\/uploads\/2025\/10\/3-550x405.png\",\"datePublished\":\"2025-10-06T23:59:04+00:00\",\"dateModified\":\"2026-01-21T14:17:54+00:00\",\"description\":\"Reserva les millors ofertes d'apartamentas per a les teves vacances a Andorra: ideals per fam\u00edlies amb nens, grups d'amics... Amb spa i gimn\u00e0s gratu\u00efts!\",\"breadcrumb\":{\"@id\":\"https:\/\/dev.apartamentselsllacs.com\/ca\/ofertes\/#breadcrumb\"},\"inLanguage\":\"ca\",\"potentialAction\":[{\"@type\":\"ReadAction\",\"target\":[\"https:\/\/dev.apartamentselsllacs.com\/ca\/ofertes\/\"]}]},{\"@type\":\"ImageObject\",\"inLanguage\":\"ca\",\"@id\":\"https:\/\/dev.apartamentselsllacs.com\/ca\/ofertes\/#primaryimage\",\"url\":\"https:\/\/dev.apartamentselsllacs.com\/wp-content\/uploads\/2025\/10\/3-550x405.png\",\"contentUrl\":\"https:\/\/dev.apartamentselsllacs.com\/wp-content\/uploads\/2025\/10\/3-550x405.png\"},{\"@type\":\"BreadcrumbList\",\"@id\":\"https:\/\/dev.apartamentselsllacs.com\/ca\/ofertes\/#breadcrumb\",\"itemListElement\":[{\"@type\":\"ListItem\",\"position\":1,\"name\":\"Home\",\"item\":\"https:\/\/dev.apartamentselsllacs.com\/ca\/\"},{\"@type\":\"ListItem\",\"position\":2,\"name\":\"Ofertes\"}]},{\"@type\":\"WebSite\",\"@id\":\"https:\/\/dev.apartamentselsllacs.com\/ca\/#website\",\"url\":\"https:\/\/dev.apartamentselsllacs.com\/ca\/\",\"name\":\"Apartaments Els Llacs\",\"description\":\"\",\"publisher\":{\"@id\":\"https:\/\/dev.apartamentselsllacs.com\/ca\/#organization\"},\"potentialAction\":[{\"@type\":\"SearchAction\",\"target\":{\"@type\":\"EntryPoint\",\"urlTemplate\":\"https:\/\/dev.apartamentselsllacs.com\/ca\/?s={search_term_string}\"},\"query-input\":{\"@type\":\"PropertyValueSpecification\",\"valueRequired\":true,\"valueName\":\"search_term_string\"}}],\"inLanguage\":\"ca\"},{\"@type\":\"Organization\",\"@id\":\"https:\/\/dev.apartamentselsllacs.com\/ca\/#organization\",\"name\":\"Apartaments Els Llacs\",\"url\":\"https:\/\/dev.apartamentselsllacs.com\/ca\/\",\"logo\":{\"@type\":\"ImageObject\",\"inLanguage\":\"ca\",\"@id\":\"https:\/\/dev.apartamentselsllacs.com\/ca\/#\/schema\/logo\/image\/\",\"url\":\"https:\/\/dev.apartamentselsllacs.com\/wp-content\/uploads\/2025\/09\/ELS_LLACS_BORDES_COLOR_RGB-1.jpg\",\"contentUrl\":\"https:\/\/dev.apartamentselsllacs.com\/wp-content\/uploads\/2025\/09\/ELS_LLACS_BORDES_COLOR_RGB-1.jpg\",\"width\":1478,\"height\":308,\"caption\":\"Apartaments Els Llacs\"},\"image\":{\"@id\":\"https:\/\/dev.apartamentselsllacs.com\/ca\/#\/schema\/logo\/image\/\"}}]}<\/script>\n<!-- \/ Yoast SEO plugin. -->","yoast_head_json":{"title":"Les millors ofertes d'apartaments tur\u00edstics a Andorra","description":"Reserva les millors ofertes d'apartamentas per a les teves vacances a Andorra: ideals per fam\u00edlies amb nens, grups d'amics... Amb spa i gimn\u00e0s gratu\u00efts!","robots":{"index":"noindex","follow":"follow","max-snippet":"max-snippet:-1","max-image-preview":"max-image-preview:large","max-video-preview":"max-video-preview:-1"},"og_locale":"ca_ES","og_type":"article","og_title":"Les millors ofertes d'apartaments tur\u00edstics a Andorra","og_description":"Reserva les millors ofertes d'apartamentas per a les teves vacances a Andorra: ideals per fam\u00edlies amb nens, grups d'amics... Amb spa i gimn\u00e0s gratu\u00efts!","og_url":"https:\/\/dev.apartamentselsllacs.com\/ca\/ofertes\/","og_site_name":"Apartaments Els Llacs","article_modified_time":"2026-01-21T14:17:54+00:00","og_image":[{"width":645,"height":475,"url":"https:\/\/dev.apartamentselsllacs.com\/wp-content\/uploads\/2025\/10\/3.png","type":"image\/png"}],"twitter_card":"summary_large_image","twitter_misc":{"Temps estimat de lectura":"2 minuts"},"schema":{"@context":"https:\/\/schema.org","@graph":[{"@type":"WebPage","@id":"https:\/\/dev.apartamentselsllacs.com\/ca\/ofertes\/","url":"https:\/\/dev.apartamentselsllacs.com\/ca\/ofertes\/","name":"Les millors ofertes d'apartaments tur\u00edstics a Andorra","isPartOf":{"@id":"https:\/\/dev.apartamentselsllacs.com\/ca\/#website"},"primaryImageOfPage":{"@id":"https:\/\/dev.apartamentselsllacs.com\/ca\/ofertes\/#primaryimage"},"image":{"@id":"https:\/\/dev.apartamentselsllacs.com\/ca\/ofertes\/#primaryimage"},"thumbnailUrl":"https:\/\/dev.apartamentselsllacs.com\/wp-content\/uploads\/2025\/10\/3-550x405.png","datePublished":"2025-10-06T23:59:04+00:00","dateModified":"2026-01-21T14:17:54+00:00","description":"Reserva les millors ofertes d'apartamentas per a les teves vacances a Andorra: ideals per fam\u00edlies amb nens, grups d'amics... Amb spa i gimn\u00e0s gratu\u00efts!","breadcrumb":{"@id":"https:\/\/dev.apartamentselsllacs.com\/ca\/ofertes\/#breadcrumb"},"inLanguage":"ca","potentialAction":[{"@type":"ReadAction","target":["https:\/\/dev.apartamentselsllacs.com\/ca\/ofertes\/"]}]},{"@type":"ImageObject","inLanguage":"ca","@id":"https:\/\/dev.apartamentselsllacs.com\/ca\/ofertes\/#primaryimage","url":"https:\/\/dev.apartamentselsllacs.com\/wp-content\/uploads\/2025\/10\/3-550x405.png","contentUrl":"https:\/\/dev.apartamentselsllacs.com\/wp-content\/uploads\/2025\/10\/3-550x405.png"},{"@type":"BreadcrumbList","@id":"https:\/\/dev.apartamentselsllacs.com\/ca\/ofertes\/#breadcrumb","itemListElement":[{"@type":"ListItem","position":1,"name":"Home","item":"https:\/\/dev.apartamentselsllacs.com\/ca\/"},{"@type":"ListItem","position":2,"name":"Ofertes"}]},{"@type":"WebSite","@id":"https:\/\/dev.apartamentselsllacs.com\/ca\/#website","url":"https:\/\/dev.apartamentselsllacs.com\/ca\/","name":"Apartaments Els Llacs","description":"","publisher":{"@id":"https:\/\/dev.apartamentselsllacs.com\/ca\/#organization"},"potentialAction":[{"@type":"SearchAction","target":{"@type":"EntryPoint","urlTemplate":"https:\/\/dev.apartamentselsllacs.com\/ca\/?s={search_term_string}"},"query-input":{"@type":"PropertyValueSpecification","valueRequired":true,"valueName":"search_term_string"}}],"inLanguage":"ca"},{"@type":"Organization","@id":"https:\/\/dev.apartamentselsllacs.com\/ca\/#organization","name":"Apartaments Els Llacs","url":"https:\/\/dev.apartamentselsllacs.com\/ca\/","logo":{"@type":"ImageObject","inLanguage":"ca","@id":"https:\/\/dev.apartamentselsllacs.com\/ca\/#\/schema\/logo\/image\/","url":"https:\/\/dev.apartamentselsllacs.com\/wp-content\/uploads\/2025\/09\/ELS_LLACS_BORDES_COLOR_RGB-1.jpg","contentUrl":"https:\/\/dev.apartamentselsllacs.com\/wp-content\/uploads\/2025\/09\/ELS_LLACS_BORDES_COLOR_RGB-1.jpg","width":1478,"height":308,"caption":"Apartaments Els Llacs"},"image":{"@id":"https:\/\/dev.apartamentselsllacs.com\/ca\/#\/schema\/logo\/image\/"}}]}},"_links":{"self":[{"href":"https:\/\/dev.apartamentselsllacs.com\/ca\/wp-json\/wp\/v2\/pages\/5671","targetHints":{"allow":["GET"]}}],"collection":[{"href":"https:\/\/dev.apartamentselsllacs.com\/ca\/wp-json\/wp\/v2\/pages"}],"about":[{"href":"https:\/\/dev.apartamentselsllacs.com\/ca\/wp-json\/wp\/v2\/types\/page"}],"author":[{"embeddable":true,"href":"https:\/\/dev.apartamentselsllacs.com\/ca\/wp-json\/wp\/v2\/users\/1"}],"replies":[{"embeddable":true,"href":"https:\/\/dev.apartamentselsllacs.com\/ca\/wp-json\/wp\/v2\/comments?post=5671"}],"version-history":[{"count":7,"href":"https:\/\/dev.apartamentselsllacs.com\/ca\/wp-json\/wp\/v2\/pages\/5671\/revisions"}],"predecessor-version":[{"id":5965,"href":"https:\/\/dev.apartamentselsllacs.com\/ca\/wp-json\/wp\/v2\/pages\/5671\/revisions\/5965"}],"wp:attachment":[{"href":"https:\/\/dev.apartamentselsllacs.com\/ca\/wp-json\/wp\/v2\/media?parent=5671"}],"curies":[{"name":"wp","href":"https:\/\/api.w.org\/{rel}","templated":true}]}}